{"id":15,"date":"2019-01-13T18:54:56","date_gmt":"2019-01-13T18:54:56","guid":{"rendered":"https:\/\/www.weilemitmeile.ch\/?page_id=15"},"modified":"2024-09-07T06:15:40","modified_gmt":"2024-09-07T06:15:40","slug":"mein-hintergrund-und-berufliche-taetigkeiten","status":"publish","type":"page","link":"https:\/\/www.weilemitmeile.ch\/index.php\/mein-hintergrund-und-berufliche-taetigkeiten\/","title":{"rendered":"Mein Hintergrund und berufliche T\u00e4tigkeiten"},"content":{"rendered":"\n<h3 class=\"wp-block-heading\">Hintergrund<\/h3>\n\n\n\n<div class=\"wp-block-columns has-2-columns is-layout-flex wp-container-core-columns-is-layout-1 wp-block-columns-is-layout-flex\">\n<div class=\"wp-block-column is-layout-flow wp-block-column-is-layout-flow\">\n<p><strong>Ausbildung \/ Weiterbildung<\/strong><\/p>\n\n\n\n<figure class=\"wp-block-image is-resized\"><img loading=\"lazy\" decoding=\"async\" width=\"750\" height=\"1000\" src=\"https:\/\/www.weilemitmeile.ch\/wp-content\/uploads\/2019\/01\/Bild_G.jpg\" alt=\"\" class=\"wp-image-16\" style=\"width:188px;height:250px\" srcset=\"https:\/\/www.weilemitmeile.ch\/wp-content\/uploads\/2019\/01\/Bild_G.jpg 750w, https:\/\/www.weilemitmeile.ch\/wp-content\/uploads\/2019\/01\/Bild_G-225x300.jpg 225w\" sizes=\"(max-width: 750px) 100vw, 750px\" \/><figcaption class=\"wp-element-caption\">Patricia Meile<\/figcaption><\/figure>\n<\/div>\n\n\n\n<div class=\"wp-block-column is-layout-flow wp-block-column-is-layout-flow\">\n<p>Primar\u2013\/ Sekundarschule, Gymnasium Typ C<\/p>\n\n\n\n<p>Biologin, Uni Z\u00fcrich (1990-1996)<\/p>\n\n\n\n<p>H\u00f6heres Lehramt in Biologie, ETH Z\u00fcrich (2000-2002)<\/p>\n\n\n\n<p>CAS Heilp\u00e4dagogischer Lerncoach:  <br>Hochschule f\u00fcr Heilp\u00e4dagogik Z\u00fcrich (2012-2013)<\/p>\n\n\n\n<p>CAS Berufswahlcoach: <br>Besuch Module, PH Thurgau (2017-2019)   <\/p>\n<\/div>\n<\/div>\n\n\n\n<h3 class=\"wp-block-heading\">Berufliche T\u00e4tigkeiten<\/h3>\n\n\n\n<div class=\"wp-block-columns has-2-columns is-layout-flex wp-container-core-columns-is-layout-2 wp-block-columns-is-layout-flex\">\n<div class=\"wp-block-column is-layout-flow wp-block-column-is-layout-flow\">\n<p><strong>Kanti Wattwil<\/strong><\/p>\n<\/div>\n\n\n\n<div class=\"wp-block-column is-layout-flow wp-block-column-is-layout-flow\">\n<p><strong>seit 2013: Lerncoach<\/strong><br>Link: <a href=\"https:\/\/www.kantiwattwil.ch\/angebote\/lerncoaching\/\" data-type=\"URL\" data-id=\"https:\/\/www.kantiwattwil.ch\/angebote\/lerncoaching\/\">Kanti Wattwil<\/a>.<br><\/p>\n\n\n\n<p><strong>seit 2012: Co-Leitung \u201eacademia\u201c<\/strong><br>Naturwissenschaftliche Jugendforschungsgruppe der Kanti Wattwil.<\/p>\n\n\n\n<p><strong>2009-2013 \/ 2000-2003: Fachlehrerin Biologie<\/strong><br>Betreuung Matura-Arbeiten, Klassenlehrperson.<br><strong><em>Profile<\/em><\/strong>: billingual (engl.), math.-naturw. (N, P), Sprachen, Wirtschaft, Musik, BG.<br><br><\/p>\n<\/div>\n<\/div>\n\n\n\n<div class=\"wp-block-columns is-layout-flex wp-container-core-columns-is-layout-3 wp-block-columns-is-layout-flex\">\n<div class=\"wp-block-column is-layout-flow wp-block-column-is-layout-flow\">\n<p><\/p>\n<\/div>\n\n\n\n<div class=\"wp-block-column is-layout-flow wp-block-column-is-layout-flow\">\n<p><\/p>\n<\/div>\n<\/div>\n\n\n\n<div class=\"wp-block-columns has-2-columns is-layout-flex wp-container-core-columns-is-layout-4 wp-block-columns-is-layout-flex\">\n<div class=\"wp-block-column is-layout-flow wp-block-column-is-layout-flow\">\n<p><strong>Selbstst\u00e4ndigkeit<\/strong><\/p>\n<\/div>\n\n\n\n<div class=\"wp-block-column is-layout-flow wp-block-column-is-layout-flow\">\n<p><strong>seit 2004: Lerncoach \/ Nachhilfe<\/strong> <br>Lernbegleitung gymnasiale Probezeit;<br>Nachhilfe (SEK I, Gymnasium, FMS, Berufslehre, BMS, FH und HF). <br><\/p>\n\n\n\n<p><strong>2006-2019: Administration, Buchhaltung<\/strong><br>verschiedene Mandate in der Industrie.<br><\/p>\n<\/div>\n<\/div>\n\n\n","protected":false},"excerpt":{"rendered":"<p>Hintergrund Ausbildung \/ Weiterbildung Primar\u2013\/ Sekundarschule, Gymnasium Typ C Biologin, Uni Z\u00fcrich (1990-1996) H\u00f6heres Lehramt in Biologie, ETH Z\u00fcrich (2000-2002) CAS Heilp\u00e4dagogischer Lerncoach: Hochschule f\u00fcr Heilp\u00e4dagogik Z\u00fcrich (2012-2013) CAS Berufswahlcoach: Besuch Module, PH Thurgau (2017-2019) Berufliche T\u00e4tigkeiten Kanti Wattwil seit 2013: LerncoachLink: Kanti Wattwil. seit 2012: Co-Leitung \u201eacademia\u201cNaturwissenschaftliche Jugendforschungsgruppe der Kanti Wattwil. 2009-2013 \/ 2000-2003:&hellip;&nbsp;<a href=\"https:\/\/www.weilemitmeile.ch\/index.php\/mein-hintergrund-und-berufliche-taetigkeiten\/\" class=\"\" rel=\"bookmark\">Weiterlesen &raquo;<span class=\"screen-reader-text\">Mein Hintergrund und berufliche T\u00e4tigkeiten<\/span><\/a><\/p>\n","protected":false},"author":1,"featured_media":0,"parent":0,"menu_order":0,"comment_status":"closed","ping_status":"closed","template":"","meta":{"neve_meta_sidebar":"full-width","neve_meta_container":"contained","neve_meta_enable_content_width":"off","neve_meta_content_width":0,"neve_meta_title_alignment":"","neve_meta_author_avatar":"","neve_post_elements_order":"","neve_meta_disable_header":"","neve_meta_disable_footer":"","neve_meta_disable_title":"","footnotes":""},"class_list":["post-15","page","type-page","status-publish","hentry"],"_links":{"self":[{"href":"https:\/\/www.weilemitmeile.ch\/index.php\/wp-json\/wp\/v2\/pages\/15"}],"collection":[{"href":"https:\/\/www.weilemitmeile.ch\/index.php\/wp-json\/wp\/v2\/pages"}],"about":[{"href":"https:\/\/www.weilemitmeile.ch\/index.php\/wp-json\/wp\/v2\/types\/page"}],"author":[{"embeddable":true,"href":"https:\/\/www.weilemitmeile.ch\/index.php\/wp-json\/wp\/v2\/users\/1"}],"replies":[{"embeddable":true,"href":"https:\/\/www.weilemitmeile.ch\/index.php\/wp-json\/wp\/v2\/comments?post=15"}],"version-history":[{"count":36,"href":"https:\/\/www.weilemitmeile.ch\/index.php\/wp-json\/wp\/v2\/pages\/15\/revisions"}],"predecessor-version":[{"id":216,"href":"https:\/\/www.weilemitmeile.ch\/index.php\/wp-json\/wp\/v2\/pages\/15\/revisions\/216"}],"wp:attachment":[{"href":"https:\/\/www.weilemitmeile.ch\/index.php\/wp-json\/wp\/v2\/media?parent=15"}],"curies":[{"name":"wp","href":"https:\/\/api.w.org\/{rel}","templated":true}]}}